{"id":248,"date":"2025-03-04T18:51:25","date_gmt":"2025-03-04T18:51:25","guid":{"rendered":"https:\/\/edamgames.com\/about-us\/"},"modified":"2025-11-24T23:21:05","modified_gmt":"2025-11-24T23:21:05","slug":"about-me","status":"publish","type":"page","link":"https:\/\/edamgames.com\/es\/about-me\/","title":{"rendered":"Sobre mi"},"content":{"rendered":"<div class=\"wp-block-uagb-container uagb-layout-grid uagb-block-ffaf8af1 alignfull uagb-is-root-container\"><div class=\"uagb-container-inner-blocks-wrap\">\n<div class=\"wp-block-uagb-info-box uagb-block-e5adf775 uagb-infobox__content-wrap  uagb-infobox-icon-above-title uagb-infobox-image-valign-top wp-block-uagb-info-box--has-margin\"><div class=\"uagb-infobox-margin-wrapper\"><div class=\"uagb-ifb-content\"><div class=\"uagb-ifb-title-wrap\"><h1 class=\"uagb-ifb-title\">Eduardo Amengual<\/h1><\/div><p class=\"uagb-ifb-desc\"><strong><mark style=\"background-color:rgba(0, 0, 0, 0);color:#fffc00\" class=\"has-inline-color\">Dise\u00f1ando mec\u00e1nicas atractivas, desarrollando mundos inmersivos.<br><\/mark><\/strong><br>Soy un <strong>Game Designer y Desarrollador<\/strong> apasionado por crear experiencias de juego \u00fanicas. Con experiencia en <strong>mec\u00e1nicas de juego, dise\u00f1o de niveles y desarrollo en Unity<\/strong>, me especializo en transformar ideas en mundos atractivos e interactivos.<br>Durante los a\u00f1os he trabajado en m\u00faltiples proyectos, desde <strong>juegos para m\u00f3viles y VR<\/strong> a <strong>experiencias de sigilo y puzles<\/strong>, asegurando que cada juego aporta un gameplay fluido, mec\u00e1nicas balanceadas y una narrativa inmersiva.<br><br><br><strong>Mi Experiencia<\/strong><br><br> \u00b7 <strong>Game Design<\/strong> - Desarrollando mec\u00e1nicas de juego innovadoras y atrayentes sistemas de progresi\u00f3n.<br><strong> \u00b7 Desarrollo de juegos<\/strong> - Implementando y optimizando experiencias interactivas en Unity.<br><strong> Prototipado y Balanceo<\/strong> - Iteraci\u00f3n r\u00e1pida para refinar el gameplay y la experiencia del jugador.<br><br>Si estas buscando un <strong>acercamiento enfocado al gamplay<\/strong> que prioriza <strong>la experiencia del jugador y la excelencia t\u00e9cnica,<\/strong>\u00a1Vamos a colaborar!<\/p><div class=\"uagb-ifb-button-wrapper wp-block-button\"><a href=\"#\" class=\"uagb-infobox-cta-link wp-block-button__link\" target=\"_self\" rel=\"noopener noreferrer\" onclick=\"return false;\"><span class=\"uagb-inline-editing\">Contacto<\/span><svg xmlns=\"https:\/\/www.w3.org\/2000\/svg\" viewbox=\"0 0 512 512\"><path d=\"M256 0C114.6 0 0 114.6 0 256c0 141.4 114.6 256 256 256s256-114.6 256-256C512 114.6 397.4 0 256 0zM358.6 278.6l-112 112c-12.5 12.5-32.75 12.5-45.25 0s-12.5-32.75 0-45.25L290.8 256L201.4 166.6c-12.5-12.5-12.5-32.75 0-45.25s32.75-12.5 45.25 0l112 112C364.9 239.6 368 247.8 368 256S364.9 272.4 358.6 278.6z\"><\/path><\/svg><\/a><\/div><\/div><\/div><\/div>\n\n\n\n<div class=\"wp-block-uagb-image alignright uagb-block-fd04acb2 wp-block-uagb-image--layout-default wp-block-uagb-image--effect-static wp-block-uagb-image--align-right\"><figure class=\"wp-block-uagb-image__figure\"><img decoding=\"async\" data-srcset=\"https:\/\/edamgames.com\/wp-content\/uploads\/2025\/03\/me-1024x768.jpg ,https:\/\/edamgames.com\/wp-content\/uploads\/2025\/03\/me.jpg 780w, https:\/\/edamgames.com\/wp-content\/uploads\/2025\/03\/me.jpg 360w\" data-sizes=\"auto, (max-width: 480px) 150px\" data-src=\"https:\/\/edamgames.com\/wp-content\/uploads\/2025\/03\/me-1024x768.jpg\" alt=\"\" class=\"uag-image-1891 lazyload\" width=\"520\" height=\"520\" title=\"me\" role=\"img\" src=\"data:image\/gif;base64,R0lGODlhAQABAAAAACH5BAEKAAEALAAAAAABAAEAAAICTAEAOw==\" style=\"--smush-placeholder-width: 520px; --smush-placeholder-aspect-ratio: 520\/520;\" \/><\/figure><\/div>\n<\/div><\/div>\n\n\n\n<div class=\"wp-block-uagb-container uagb-block-1f6762c6 alignfull uagb-is-root-container\"><div class=\"uagb-container-inner-blocks-wrap\">\n<div class=\"wp-block-uagb-container uagb-layout-grid uagb-block-cc97f99c alignfull uagb-is-root-container\"><div class=\"uagb-container-inner-blocks-wrap\">\n<div class=\"wp-block-uagb-image uagb-block-262dc7da wp-block-uagb-image--layout-default wp-block-uagb-image--effect-static wp-block-uagb-image--align-none\"><figure class=\"wp-block-uagb-image__figure\"><img decoding=\"async\" data-srcset=\"https:\/\/edamgames.com\/wp-content\/uploads\/2025\/03\/4682412-edited-1024x768.jpg ,https:\/\/edamgames.com\/wp-content\/uploads\/2025\/03\/4682412-edited.jpg 780w, https:\/\/edamgames.com\/wp-content\/uploads\/2025\/03\/4682412-edited.jpg 360w\" data-sizes=\"auto, (max-width: 480px) 150px\" data-src=\"https:\/\/edamgames.com\/wp-content\/uploads\/2025\/03\/4682412-edited-1024x768.jpg\" alt=\"\" class=\"uag-image-1894 lazyload\" width=\"1024\" height=\"768\" title=\"4682412\" role=\"img\" src=\"data:image\/gif;base64,R0lGODlhAQABAAAAACH5BAEKAAEALAAAAAABAAEAAAICTAEAOw==\" style=\"--smush-placeholder-width: 1024px; --smush-placeholder-aspect-ratio: 1024\/768;\" \/><\/figure><\/div>\n\n\n\n<div class=\"wp-block-uagb-info-box uagb-block-ff0dd7e4 uagb-infobox__content-wrap  uagb-infobox-icon-above-title uagb-infobox-image-valign-top wp-block-uagb-info-box--has-margin\"><div class=\"uagb-infobox-margin-wrapper\"><div class=\"uagb-ifb-content\"><div class=\"uagb-ifb-title-wrap\"><h6 class=\"uagb-ifb-title-prefix\">MI VISI\u00d3N<\/h6><h2 class=\"uagb-ifb-title\">Innovando en jugabilidad, creando experiencias inolvidables.<\/h2><\/div><p class=\"uagb-ifb-desc\">Los grandes juegos van mas all\u00e1 de las mec\u00e1nicas, los grandes juegos crean <strong>conexiones emocionales<\/strong> con los jugadores. Mi visi\u00f3n es dise\u00f1ar <strong>experiencias inmersivas, atractivas y significativas<\/strong> que retan la creatividad y llevan a los jugadores a <strong>mundos que merece la pena explorar<\/strong>. Fusionando <strong>experiencia t\u00e9cnica con principios de dise\u00f1o profundos<\/strong>, me esfuerzo por superar los l\u00edmites de la interactividad y la narraci\u00f3n en cada proyecto.<\/p><\/div><\/div><\/div>\n<\/div><\/div>\n\n\n\n<div class=\"wp-block-uagb-container uagb-block-d8b3b4de alignfull uagb-is-root-container\"><div class=\"uagb-container-inner-blocks-wrap\">\n<div class=\"wp-block-uagb-info-box uagb-block-e66aa532 uagb-infobox__content-wrap  uagb-infobox-icon-above-title uagb-infobox-image-valign-top wp-block-uagb-info-box--has-margin\"><div class=\"uagb-infobox-margin-wrapper\"><div class=\"uagb-ifb-content\"><div class=\"uagb-ifb-title-wrap\"><h6 class=\"uagb-ifb-title-prefix\">MI MISI\u00d3N<\/h6><h2 class=\"uagb-ifb-title\">Dando vida a las ideas a trav\u00e9s del dise\u00f1o y la tecnolog\u00eda<\/h2><\/div><p class=\"uagb-ifb-desc\">Mi misi\u00f3n es ayudar a desarrolladores y estudios a convertir sus <strong>conceptos de juego en experiencias pulidas y centradas en el jugador<\/strong>. Ya sea a trav\u00e9s de <strong>mec\u00e1nicas de juego, creaci\u00f3n de prototipos o desarrollo en Unity<\/strong>, me enfoco en crear juegos que se sientan <strong>intuitivos, gratificantes y divertidos<\/strong>. Cada proyecto es una oportunidad para refinar la jugabilidad, mejorar la inmersi\u00f3n y crear <strong>interacciones memorables<\/strong> que mantengan a los jugadores comprometidos.<\/p><\/div><\/div><\/div>\n\n\n\n<div class=\"wp-block-uagb-container uagb-block-d92ba755\">\n<div class=\"wp-block-uagb-image uagb-block-7dfa8b33 wp-block-uagb-image--layout-default wp-block-uagb-image--effect-static wp-block-uagb-image--align-none\"><figure class=\"wp-block-uagb-image__figure\"><img decoding=\"async\" data-srcset=\"https:\/\/edamgames.com\/wp-content\/uploads\/2025\/03\/20945449-1024x683.jpg ,https:\/\/edamgames.com\/wp-content\/uploads\/2025\/03\/20945449-scaled.jpg 780w, https:\/\/edamgames.com\/wp-content\/uploads\/2025\/03\/20945449-scaled.jpg 360w\" data-sizes=\"auto, (max-width: 480px) 150px\" data-src=\"https:\/\/edamgames.com\/wp-content\/uploads\/2025\/03\/20945449-1024x683.jpg\" alt=\"\" class=\"uag-image-1897 lazyload\" width=\"1024\" height=\"683\" title=\"Cross-platform play concept vector illustration.\" role=\"img\" src=\"data:image\/gif;base64,R0lGODlhAQABAAAAACH5BAEKAAEALAAAAAABAAEAAAICTAEAOw==\" style=\"--smush-placeholder-width: 1024px; --smush-placeholder-aspect-ratio: 1024\/683;\" \/><\/figure><\/div>\n<\/div>\n<\/div><\/div>\n<\/div><\/div>\n\n\n\n<div class=\"wp-block-uagb-advanced-heading uagb-block-e03f1238\"><h2 class=\"uagb-heading-text\">My CV<\/h2><\/div>\n\n\n\n<iframe\n  data-src=\"https:\/\/edamgames.com\/embed-cv\/cv-embed.html\"\n  style=\"width:100%; max-width:1024px; height:1200px; border:0; margin:0 auto; display:block;\"\n \n src=\"data:image\/gif;base64,R0lGODlhAQABAAAAACH5BAEKAAEALAAAAAABAAEAAAICTAEAOw==\" class=\"lazyload\" data-load-mode=\"1\"><\/iframe>","protected":false},"excerpt":{"rendered":"<p>My CV<\/p>","protected":false},"author":1,"featured_media":0,"parent":0,"menu_order":0,"comment_status":"closed","ping_status":"closed","template":"","meta":{"_uag_custom_page_level_css":"","site-sidebar-layout":"no-sidebar","site-content-layout":"plain-container","ast-site-content-layout":"normal-width-container","site-content-style":"unboxed","site-sidebar-style":"unboxed","ast-global-header-display":"","ast-banner-title-visibility":"","ast-main-header-display":"","ast-hfb-above-header-display":"","ast-hfb-below-header-display":"","ast-hfb-mobile-header-display":"","site-post-title":"disabled","ast-breadcrumbs-content":"","ast-featured-img":"disabled","footer-sml-layout":"","ast-disable-related-posts":"","theme-transparent-header-meta":"enabled","adv-header-id-meta":"","stick-header-meta":"","header-above-stick-meta":"","header-main-stick-meta":"","header-below-stick-meta":"","astra-migrate-meta-layouts":"set","ast-page-background-enabled":"default","ast-page-background-meta":{"desktop":{"background-color":"","background-image":"","background-repeat":"repeat","background-position":"center center","background-size":"auto","background-attachment":"scroll","background-type":"","background-media":"","overlay-type":"","overlay-color":"","overlay-opacity":"","overlay-gradient":""},"tablet":{"background-color":"","background-image":"","background-repeat":"repeat","background-position":"center center","background-size":"auto","background-attachment":"scroll","background-type":"","background-media":"","overlay-type":"","overlay-color":"","overlay-opacity":"","overlay-gradient":""},"mobile":{"background-color":"","background-image":"","background-repeat":"repeat","background-position":"center center","background-size":"auto","background-attachment":"scroll","background-type":"","background-media":"","overlay-type":"","overlay-color":"","overlay-opacity":"","overlay-gradient":""}},"ast-content-background-meta":{"desktop":{"background-color":"var(--ast-global-color-5)","background-image":"","background-repeat":"repeat","background-position":"center center","background-size":"auto","background-attachment":"scroll","background-type":"","background-media":"","overlay-type":"","overlay-color":"","overlay-opacity":"","overlay-gradient":""},"tablet":{"background-color":"var(--ast-global-color-5)","background-image":"","background-repeat":"repeat","background-position":"center center","background-size":"auto","background-attachment":"scroll","background-type":"","background-media":"","overlay-type":"","overlay-color":"","overlay-opacity":"","overlay-gradient":""},"mobile":{"background-color":"var(--ast-global-color-5)","background-image":"","background-repeat":"repeat","background-position":"center center","background-size":"auto","background-attachment":"scroll","background-type":"","background-media":"","overlay-type":"","overlay-color":"","overlay-opacity":"","overlay-gradient":""}},"footnotes":""},"class_list":["post-248","page","type-page","status-publish","hentry"],"uagb_featured_image_src":{"full":false,"thumbnail":false,"medium":false,"medium_large":false,"large":false,"1536x1536":false,"2048x2048":false,"trp-custom-language-flag":false},"uagb_author_info":{"display_name":"dvm.amengual@gmail.com","author_link":"https:\/\/edamgames.com\/es\/author\/dvm-amengualgmail-com\/"},"uagb_comment_info":0,"uagb_excerpt":"My CV","_links":{"self":[{"href":"https:\/\/edamgames.com\/es\/wp-json\/wp\/v2\/pages\/248","targetHints":{"allow":["GET"]}}],"collection":[{"href":"https:\/\/edamgames.com\/es\/wp-json\/wp\/v2\/pages"}],"about":[{"href":"https:\/\/edamgames.com\/es\/wp-json\/wp\/v2\/types\/page"}],"author":[{"embeddable":true,"href":"https:\/\/edamgames.com\/es\/wp-json\/wp\/v2\/users\/1"}],"replies":[{"embeddable":true,"href":"https:\/\/edamgames.com\/es\/wp-json\/wp\/v2\/comments?post=248"}],"version-history":[{"count":8,"href":"https:\/\/edamgames.com\/es\/wp-json\/wp\/v2\/pages\/248\/revisions"}],"predecessor-version":[{"id":2143,"href":"https:\/\/edamgames.com\/es\/wp-json\/wp\/v2\/pages\/248\/revisions\/2143"}],"wp:attachment":[{"href":"https:\/\/edamgames.com\/es\/wp-json\/wp\/v2\/media?parent=248"}],"curies":[{"name":"wp","href":"https:\/\/api.w.org\/{rel}","templated":true}]}}